{"id":6069,"date":"2017-10-01T16:30:29","date_gmt":"2017-10-01T14:30:29","guid":{"rendered":"http:\/\/chriss-terre-mer.com\/wordpress\/?page_id=6069"},"modified":"2018-03-09T16:48:27","modified_gmt":"2018-03-09T15:48:27","slug":"belle-ile-en-mer","status":"publish","type":"page","link":"https:\/\/chriss-terre-mer.com\/wordpress\/belle-ile-en-mer\/","title":{"rendered":"Belle Ile en Mer"},"content":{"rendered":"<div  class=\"one withsmallpadding ppb_text\" style=\"padding:30px 0 30px 0;\" >\n<div class=\"standard_wrapper\">\n<div class=\"page_content_wrapper\">\n<div class=\"inner\">\n<div style=\"margin:auto;width:100%\">\n<p><a href=\"https:\/\/vimeo.com\/236295847\">Les m\u00eames photos en vid\u00e9o <strong>-><\/strong><\/a><\/p>\n<\/div>\n<\/div>\n<\/div>\n<\/div>\n<\/div>\n<div  class=\"one withsmallpadding ppb_text\" style=\"padding:30px 0 30px 0;\" >\n<div class=\"standard_wrapper\">\n<div class=\"page_content_wrapper\">\n<div class=\"inner\">\n<div style=\"margin:auto;width:100%\">\n<p><a href=\"https:\/\/vimeo.com\/236295847\">Les m\u00eames photos en vid\u00e9o <strong>-><\/strong><\/a><\/p>\n<\/div>\n<\/div>\n<\/div>\n<\/div>\n<\/div>\n","protected":false},"excerpt":{"rendered":"<p>Les m\u00eames photos en vid\u00e9o -> Les m\u00eames photos en vid\u00e9o -><\/p>\n","protected":false},"author":1,"featured_media":0,"parent":0,"menu_order":0,"comment_status":"closed","ping_status":"closed","template":"","meta":{"footnotes":""},"class_list":["post-6069","page","type-page","status-publish","hentry"],"_links":{"self":[{"href":"https:\/\/chriss-terre-mer.com\/wordpress\/wp-json\/wp\/v2\/pages\/6069","targetHints":{"allow":["GET"]}}],"collection":[{"href":"https:\/\/chriss-terre-mer.com\/wordpress\/wp-json\/wp\/v2\/pages"}],"about":[{"href":"https:\/\/chriss-terre-mer.com\/wordpress\/wp-json\/wp\/v2\/types\/page"}],"author":[{"embeddable":true,"href":"https:\/\/chriss-terre-mer.com\/wordpress\/wp-json\/wp\/v2\/users\/1"}],"replies":[{"embeddable":true,"href":"https:\/\/chriss-terre-mer.com\/wordpress\/wp-json\/wp\/v2\/comments?post=6069"}],"version-history":[{"count":0,"href":"https:\/\/chriss-terre-mer.com\/wordpress\/wp-json\/wp\/v2\/pages\/6069\/revisions"}],"wp:attachment":[{"href":"https:\/\/chriss-terre-mer.com\/wordpress\/wp-json\/wp\/v2\/media?parent=6069"}],"curies":[{"name":"wp","href":"https:\/\/api.w.org\/{rel}","templated":true}]}}