{"id":4945,"date":"2017-01-02T19:11:56","date_gmt":"2017-01-02T18:11:56","guid":{"rendered":"http:\/\/chriss-terre-mer.com\/wordpress\/?page_id=4945"},"modified":"2022-10-10T19:51:42","modified_gmt":"2022-10-10T17:51:42","slug":"ushuaia","status":"publish","type":"page","link":"https:\/\/chriss-terre-mer.com\/wordpress\/ushuaia\/","title":{"rendered":"Ushuaia"},"content":{"rendered":"<div  class=\"one withsmallpadding ppb_header \" style=\"text-align:left;padding:30px 0 30px 0;\" >\n<div class=\"standard_wrapper\">\n<div class=\"page_content_wrapper\">\n<div class=\"inner\">\n<div style=\"margin:auto;width:100%\">\n<h2 class=\"ppb_title\" style=\"\">R\u00e9gion Ushuaia<\/h2>\n<div class=\"page_header_sep left\"><\/div>\n<p><strong>Ushua\u00efa, Parc national Tierra del Fuego, Laguna Esmeralda<\/strong><\/p>\n<\/div>\n<\/div>\n<\/div>\n<\/div>\n<\/div>\n<div  class=\"one withsmallpadding ppb_header \" style=\"text-align:left;padding:30px 0 30px 0;\" >\n<div class=\"standard_wrapper\">\n<div class=\"page_content_wrapper\">\n<div class=\"inner\">\n<div style=\"margin:auto;width:100%\">\n<h2 class=\"ppb_title\" style=\"\">R\u00e9gion Ushuaia<\/h2>\n<div class=\"page_header_sep left\"><\/div>\n<p><strong>Ushua\u00efa, Parc national Tierra del Fuego, Laguna Esmeralda<\/strong><\/p>\n<\/div>\n<\/div>\n<\/div>\n<\/div>\n<\/div>\n<div  class=\"one withsmallpadding ppb_text\" style=\"padding:30px;\" >\n<p style=\"text-align: center;\"><iframe loading=\"lazy\" style=\"border: 0;\" src=\"https:\/\/www.google.com\/maps\/embed?pb=!1m14!1m12!1m3!1d175358.31888000414!2d-68.30377120666901!3d-54.726615196321525!2m3!1f0!2f0!3f0!3m2!1i1024!2i768!4f13.1!5e0!3m2!1sfr!2sfr!4v1665424250710!5m2!1sfr!2sfr\" width=\"800\" height=\"650\" allowfullscreen=\"allowfullscreen\"><\/iframe><\/p>\n<\/div>\n","protected":false},"excerpt":{"rendered":"<p>R\u00e9gion Ushuaia Ushua\u00efa, Parc national Tierra del Fuego, Laguna Esmeralda R\u00e9gion Ushuaia Ushua\u00efa, Parc national Tierra del Fuego, Laguna Esmeralda<\/p>\n","protected":false},"author":1,"featured_media":0,"parent":0,"menu_order":0,"comment_status":"closed","ping_status":"closed","template":"","meta":{"footnotes":""},"class_list":["post-4945","page","type-page","status-publish","hentry"],"_links":{"self":[{"href":"https:\/\/chriss-terre-mer.com\/wordpress\/wp-json\/wp\/v2\/pages\/4945","targetHints":{"allow":["GET"]}}],"collection":[{"href":"https:\/\/chriss-terre-mer.com\/wordpress\/wp-json\/wp\/v2\/pages"}],"about":[{"href":"https:\/\/chriss-terre-mer.com\/wordpress\/wp-json\/wp\/v2\/types\/page"}],"author":[{"embeddable":true,"href":"https:\/\/chriss-terre-mer.com\/wordpress\/wp-json\/wp\/v2\/users\/1"}],"replies":[{"embeddable":true,"href":"https:\/\/chriss-terre-mer.com\/wordpress\/wp-json\/wp\/v2\/comments?post=4945"}],"version-history":[{"count":11,"href":"https:\/\/chriss-terre-mer.com\/wordpress\/wp-json\/wp\/v2\/pages\/4945\/revisions"}],"predecessor-version":[{"id":9268,"href":"https:\/\/chriss-terre-mer.com\/wordpress\/wp-json\/wp\/v2\/pages\/4945\/revisions\/9268"}],"wp:attachment":[{"href":"https:\/\/chriss-terre-mer.com\/wordpress\/wp-json\/wp\/v2\/media?parent=4945"}],"curies":[{"name":"wp","href":"https:\/\/api.w.org\/{rel}","templated":true}]}}