{"id":4850,"date":"2016-11-22T12:07:32","date_gmt":"2016-11-22T11:07:32","guid":{"rendered":"http:\/\/chriss-terre-mer.com\/wordpress\/?page_id=4850"},"modified":"2022-10-04T18:51:47","modified_gmt":"2022-10-04T16:51:47","slug":"iguazu","status":"publish","type":"page","link":"https:\/\/chriss-terre-mer.com\/wordpress\/iguazu\/","title":{"rendered":"Iguazu"},"content":{"rendered":"<div  class=\"one withsmallpadding ppb_header \" style=\"text-align:left;padding:30px 0 30px 0;\" >\n<div class=\"standard_wrapper\">\n<div class=\"page_content_wrapper\">\n<div class=\"inner\">\n<div style=\"margin:auto;width:100%\">\n<h2 class=\"ppb_title\" style=\"\">Les Chutes <\/h2>\n<div class=\"page_header_sep left\"><\/div>\n<p><strong>Les chutes c\u00f4t\u00e9 br\u00e9silien et c\u00f4t\u00e9 argentin<\/strong><\/p>\n<\/div>\n<\/div>\n<\/div>\n<\/div>\n<\/div>\n<div  class=\"one\">\n<div class=\"standard_wrapper\">\n<div id=\"1664902306476660967\" class=\"portfolio_filter_wrapper gallery three_cols contain\" data-columns=\"3\">\n<div class=\"element grid  classic3_cols\">\n<div class=\"one_third gallery3 static filterable gallery_type animated1\"><a class=\"fancy-gallery\" href=\"https:\/\/chriss-terre-mer.com\/wordpress\/wp-content\/uploads\/2016\/11\/image-86.jpeg\" title=\"\" ><img decoding=\"async\" src=\"https:\/\/chriss-terre-mer.com\/wordpress\/wp-content\/uploads\/2016\/11\/image-86-705x529.jpeg\" alt=\"\"\/><\/a><\/div>\n<\/div>\n<div class=\"element grid  classic3_cols\">\n<div class=\"one_third gallery3 static filterable gallery_type animated2\"><a class=\"fancy-gallery\" href=\"https:\/\/chriss-terre-mer.com\/wordpress\/wp-content\/uploads\/2016\/11\/image-87.jpeg\" title=\"\" ><img decoding=\"async\" src=\"https:\/\/chriss-terre-mer.com\/wordpress\/wp-content\/uploads\/2016\/11\/image-87-705x529.jpeg\" alt=\"\"\/><\/a><\/div>\n<\/div>\n<div class=\"element grid  classic3_cols\">\n<div class=\"one_third gallery3 static filterable gallery_type animated3\"><a class=\"fancy-gallery\" href=\"https:\/\/chriss-terre-mer.com\/wordpress\/wp-content\/uploads\/2016\/11\/image-89.jpeg\" title=\"\" ><img decoding=\"async\" src=\"https:\/\/chriss-terre-mer.com\/wordpress\/wp-content\/uploads\/2016\/11\/image-89-705x529.jpeg\" alt=\"\"\/><\/a><\/div>\n<\/div>\n<div class=\"element grid  classic3_cols\">\n<div class=\"one_third gallery3 static filterable gallery_type animated4\"><a class=\"fancy-gallery\" href=\"https:\/\/chriss-terre-mer.com\/wordpress\/wp-content\/uploads\/2016\/11\/image-88.jpeg\" title=\"\" ><img decoding=\"async\" src=\"https:\/\/chriss-terre-mer.com\/wordpress\/wp-content\/uploads\/2016\/11\/image-88-705x529.jpeg\" alt=\"\"\/><\/a><\/div>\n<\/div>\n<div class=\"element grid  classic3_cols\">\n<div class=\"one_third gallery3 static filterable gallery_type animated5\"><a class=\"fancy-gallery\" href=\"https:\/\/chriss-terre-mer.com\/wordpress\/wp-content\/uploads\/2016\/11\/image-92.jpeg\" title=\"\" ><img decoding=\"async\" src=\"https:\/\/chriss-terre-mer.com\/wordpress\/wp-content\/uploads\/2016\/11\/image-92-705x529.jpeg\" alt=\"\"\/><\/a><\/div>\n<\/div>\n<div class=\"element grid  classic3_cols\">\n<div class=\"one_third gallery3 static filterable gallery_type animated6\"><a class=\"fancy-gallery\" href=\"https:\/\/chriss-terre-mer.com\/wordpress\/wp-content\/uploads\/2016\/11\/image-90.jpeg\" title=\"\" ><img decoding=\"async\" src=\"https:\/\/chriss-terre-mer.com\/wordpress\/wp-content\/uploads\/2016\/11\/image-90-705x529.jpeg\" alt=\"\"\/><\/a><\/div>\n<\/div>\n<div class=\"element grid  classic3_cols\">\n<div class=\"one_third gallery3 static filterable gallery_type animated7\"><a class=\"fancy-gallery\" href=\"https:\/\/chriss-terre-mer.com\/wordpress\/wp-content\/uploads\/2016\/11\/image-91.jpeg\" title=\"\" ><img decoding=\"async\" src=\"https:\/\/chriss-terre-mer.com\/wordpress\/wp-content\/uploads\/2016\/11\/image-91-705x529.jpeg\" alt=\"\"\/><\/a><\/div>\n<\/div>\n<div class=\"element grid  classic3_cols\">\n<div class=\"one_third gallery3 static filterable gallery_type animated8\"><a class=\"fancy-gallery\" href=\"https:\/\/chriss-terre-mer.com\/wordpress\/wp-content\/uploads\/2016\/11\/image-94.jpeg\" title=\"\" ><img decoding=\"async\" src=\"https:\/\/chriss-terre-mer.com\/wordpress\/wp-content\/uploads\/2016\/11\/image-94-705x529.jpeg\" alt=\"\"\/><\/a><\/div>\n<\/div>\n<div class=\"element grid  classic3_cols\">\n<div class=\"one_third gallery3 static filterable gallery_type animated9\"><a class=\"fancy-gallery\" href=\"https:\/\/chriss-terre-mer.com\/wordpress\/wp-content\/uploads\/2016\/11\/image-93.jpeg\" title=\"\" ><img decoding=\"async\" src=\"https:\/\/chriss-terre-mer.com\/wordpress\/wp-content\/uploads\/2016\/11\/image-93-705x529.jpeg\" alt=\"\"\/><\/a><\/div>\n<\/div>\n<\/div>\n<\/div>\n<\/div>\n<div  class=\"one withsmallpadding ppb_header \" style=\"text-align:left;padding:30px 0 30px 0;\" >\n<div class=\"standard_wrapper\">\n<div class=\"page_content_wrapper\">\n<div class=\"inner\">\n<div style=\"margin:auto;width:100%\">\n<h2 class=\"ppb_title\" style=\"\">Animaux et oiseaux<\/h2>\n<div class=\"page_header_sep left\"><\/div>\n<p><strong>Animaux et oiseaux<\/strong><\/p>\n<\/div>\n<\/div>\n<\/div>\n<\/div>\n<\/div>\n<div  class=\"one\">\n<div class=\"standard_wrapper\">\n<div id=\"16649023061999341629\" class=\"portfolio_filter_wrapper gallery three_cols contain\" data-columns=\"3\">\n<div class=\"element grid  classic3_cols\">\n<div class=\"one_third gallery3 static filterable gallery_type animated1\"><a class=\"fancy-gallery\" href=\"https:\/\/chriss-terre-mer.com\/wordpress\/wp-content\/uploads\/2016\/11\/image-65.jpeg\" title=\"\" ><img decoding=\"async\" src=\"https:\/\/chriss-terre-mer.com\/wordpress\/wp-content\/uploads\/2016\/11\/image-65-705x529.jpeg\" alt=\"\"\/><\/a><\/div>\n<\/div>\n<div class=\"element grid  classic3_cols\">\n<div class=\"one_third gallery3 static filterable gallery_type animated2\"><a class=\"fancy-gallery\" href=\"https:\/\/chriss-terre-mer.com\/wordpress\/wp-content\/uploads\/2016\/11\/image-75.jpeg\" title=\"\" ><img decoding=\"async\" src=\"https:\/\/chriss-terre-mer.com\/wordpress\/wp-content\/uploads\/2016\/11\/image-75-705x529.jpeg\" alt=\"\"\/><\/a><\/div>\n<\/div>\n<div class=\"element grid  classic3_cols\">\n<div class=\"one_third gallery3 static filterable gallery_type animated3\"><a class=\"fancy-gallery\" href=\"https:\/\/chriss-terre-mer.com\/wordpress\/wp-content\/uploads\/2016\/11\/image-96.jpeg\" title=\"\" ><img decoding=\"async\" src=\"https:\/\/chriss-terre-mer.com\/wordpress\/wp-content\/uploads\/2016\/11\/image-96-705x529.jpeg\" alt=\"\"\/><\/a><\/div>\n<\/div>\n<div class=\"element grid  classic3_cols\">\n<div class=\"one_third gallery3 static filterable gallery_type animated4\"><a class=\"fancy-gallery\" href=\"https:\/\/chriss-terre-mer.com\/wordpress\/wp-content\/uploads\/2016\/11\/image-97.jpeg\" title=\"\" ><img decoding=\"async\" src=\"https:\/\/chriss-terre-mer.com\/wordpress\/wp-content\/uploads\/2016\/11\/image-97-705x529.jpeg\" alt=\"\"\/><\/a><\/div>\n<\/div>\n<div class=\"element grid  classic3_cols\">\n<div class=\"one_third gallery3 static filterable gallery_type animated5\"><a class=\"fancy-gallery\" href=\"https:\/\/chriss-terre-mer.com\/wordpress\/wp-content\/uploads\/2016\/11\/image-95.jpeg\" title=\"\" ><img decoding=\"async\" src=\"https:\/\/chriss-terre-mer.com\/wordpress\/wp-content\/uploads\/2016\/11\/image-95-705x529.jpeg\" alt=\"\"\/><\/a><\/div>\n<\/div>\n<div class=\"element grid  classic3_cols\">\n<div class=\"one_third gallery3 static filterable gallery_type animated6\"><a class=\"fancy-gallery\" href=\"https:\/\/chriss-terre-mer.com\/wordpress\/wp-content\/uploads\/2016\/11\/image-85.jpeg\" title=\"\" ><img decoding=\"async\" src=\"https:\/\/chriss-terre-mer.com\/wordpress\/wp-content\/uploads\/2016\/11\/image-85-705x529.jpeg\" alt=\"\"\/><\/a><\/div>\n<\/div>\n<div class=\"element grid  classic3_cols\">\n<div class=\"one_third gallery3 static filterable gallery_type animated7\"><a class=\"fancy-gallery\" href=\"https:\/\/chriss-terre-mer.com\/wordpress\/wp-content\/uploads\/2016\/11\/image-73.jpeg\" title=\"\" ><img decoding=\"async\" src=\"https:\/\/chriss-terre-mer.com\/wordpress\/wp-content\/uploads\/2016\/11\/image-73-705x529.jpeg\" alt=\"\"\/><\/a><\/div>\n<\/div>\n<div class=\"element grid  classic3_cols\">\n<div class=\"one_third gallery3 static filterable gallery_type animated8\"><a class=\"fancy-gallery\" href=\"https:\/\/chriss-terre-mer.com\/wordpress\/wp-content\/uploads\/2016\/11\/image-70.jpeg\" title=\"\" ><img decoding=\"async\" src=\"https:\/\/chriss-terre-mer.com\/wordpress\/wp-content\/uploads\/2016\/11\/image-70-705x529.jpeg\" alt=\"\"\/><\/a><\/div>\n<\/div>\n<div class=\"element grid  classic3_cols\">\n<div class=\"one_third gallery3 static filterable gallery_type animated9\"><a class=\"fancy-gallery\" href=\"https:\/\/chriss-terre-mer.com\/wordpress\/wp-content\/uploads\/2016\/11\/image-84.jpeg\" title=\"\" ><img decoding=\"async\" src=\"https:\/\/chriss-terre-mer.com\/wordpress\/wp-content\/uploads\/2016\/11\/image-84-705x529.jpeg\" alt=\"\"\/><\/a><\/div>\n<\/div>\n<div class=\"element grid  classic3_cols\">\n<div class=\"one_third gallery3 static filterable gallery_type animated10\"><a class=\"fancy-gallery\" href=\"https:\/\/chriss-terre-mer.com\/wordpress\/wp-content\/uploads\/2016\/11\/image-74.jpeg\" title=\"\" ><img decoding=\"async\" src=\"https:\/\/chriss-terre-mer.com\/wordpress\/wp-content\/uploads\/2016\/11\/image-74-705x529.jpeg\" alt=\"\"\/><\/a><\/div>\n<\/div>\n<div class=\"element grid  classic3_cols\">\n<div class=\"one_third gallery3 static filterable gallery_type animated11\"><a class=\"fancy-gallery\" href=\"https:\/\/chriss-terre-mer.com\/wordpress\/wp-content\/uploads\/2016\/11\/image-83.jpeg\" title=\"\" ><img decoding=\"async\" src=\"https:\/\/chriss-terre-mer.com\/wordpress\/wp-content\/uploads\/2016\/11\/image-83-705x529.jpeg\" alt=\"\"\/><\/a><\/div>\n<\/div>\n<div class=\"element grid  classic3_cols\">\n<div class=\"one_third gallery3 static filterable gallery_type animated12\"><a class=\"fancy-gallery\" href=\"https:\/\/chriss-terre-mer.com\/wordpress\/wp-content\/uploads\/2016\/11\/image-66.jpeg\" title=\"\" ><img decoding=\"async\" src=\"https:\/\/chriss-terre-mer.com\/wordpress\/wp-content\/uploads\/2016\/11\/image-66-705x529.jpeg\" alt=\"\"\/><\/a><\/div>\n<\/div>\n<div class=\"element grid  classic3_cols\">\n<div class=\"one_third gallery3 static filterable gallery_type animated13\"><a class=\"fancy-gallery\" href=\"https:\/\/chriss-terre-mer.com\/wordpress\/wp-content\/uploads\/2016\/11\/image-82.jpeg\" title=\"\" ><img decoding=\"async\" src=\"https:\/\/chriss-terre-mer.com\/wordpress\/wp-content\/uploads\/2016\/11\/image-82-705x529.jpeg\" alt=\"\"\/><\/a><\/div>\n<\/div>\n<div class=\"element grid  classic3_cols\">\n<div class=\"one_third gallery3 static filterable gallery_type animated14\"><a class=\"fancy-gallery\" href=\"https:\/\/chriss-terre-mer.com\/wordpress\/wp-content\/uploads\/2016\/11\/image-80.jpeg\" title=\"\" ><img decoding=\"async\" src=\"https:\/\/chriss-terre-mer.com\/wordpress\/wp-content\/uploads\/2016\/11\/image-80-705x529.jpeg\" alt=\"\"\/><\/a><\/div>\n<\/div>\n<div class=\"element grid  classic3_cols\">\n<div class=\"one_third gallery3 static filterable gallery_type animated15\"><a class=\"fancy-gallery\" href=\"https:\/\/chriss-terre-mer.com\/wordpress\/wp-content\/uploads\/2016\/11\/image-67.jpeg\" title=\"\" ><img decoding=\"async\" src=\"https:\/\/chriss-terre-mer.com\/wordpress\/wp-content\/uploads\/2016\/11\/image-67-705x529.jpeg\" alt=\"\"\/><\/a><\/div>\n<\/div>\n<div class=\"element grid  classic3_cols\">\n<div class=\"one_third gallery3 static filterable gallery_type animated16\"><a class=\"fancy-gallery\" href=\"https:\/\/chriss-terre-mer.com\/wordpress\/wp-content\/uploads\/2016\/11\/image-79.jpeg\" title=\"\" ><img decoding=\"async\" src=\"https:\/\/chriss-terre-mer.com\/wordpress\/wp-content\/uploads\/2016\/11\/image-79-705x529.jpeg\" alt=\"\"\/><\/a><\/div>\n<\/div>\n<div class=\"element grid  classic3_cols\">\n<div class=\"one_third gallery3 static filterable gallery_type animated17\"><a class=\"fancy-gallery\" href=\"https:\/\/chriss-terre-mer.com\/wordpress\/wp-content\/uploads\/2016\/11\/image-78.jpeg\" title=\"\" ><img decoding=\"async\" src=\"https:\/\/chriss-terre-mer.com\/wordpress\/wp-content\/uploads\/2016\/11\/image-78-705x529.jpeg\" alt=\"\"\/><\/a><\/div>\n<\/div>\n<div class=\"element grid  classic3_cols\">\n<div class=\"one_third gallery3 static filterable gallery_type animated18\"><a class=\"fancy-gallery\" href=\"https:\/\/chriss-terre-mer.com\/wordpress\/wp-content\/uploads\/2016\/11\/image-98.jpeg\" title=\"\" ><img decoding=\"async\" src=\"https:\/\/chriss-terre-mer.com\/wordpress\/wp-content\/uploads\/2016\/11\/image-98-705x529.jpeg\" alt=\"\"\/><\/a><\/div>\n<\/div>\n<div class=\"element grid  classic3_cols\">\n<div class=\"one_third gallery3 static filterable gallery_type animated19\"><a class=\"fancy-gallery\" href=\"https:\/\/chriss-terre-mer.com\/wordpress\/wp-content\/uploads\/2016\/11\/image-71.jpeg\" title=\"\" ><img decoding=\"async\" src=\"https:\/\/chriss-terre-mer.com\/wordpress\/wp-content\/uploads\/2016\/11\/image-71-705x529.jpeg\" alt=\"\"\/><\/a><\/div>\n<\/div>\n<div class=\"element grid  classic3_cols\">\n<div class=\"one_third gallery3 static filterable gallery_type animated20\"><a class=\"fancy-gallery\" href=\"https:\/\/chriss-terre-mer.com\/wordpress\/wp-content\/uploads\/2016\/11\/image-69.jpeg\" title=\"\" ><img decoding=\"async\" src=\"https:\/\/chriss-terre-mer.com\/wordpress\/wp-content\/uploads\/2016\/11\/image-69-705x529.jpeg\" alt=\"\"\/><\/a><\/div>\n<\/div>\n<div class=\"element grid  classic3_cols\">\n<div class=\"one_third gallery3 static filterable gallery_type animated21\"><a class=\"fancy-gallery\" href=\"https:\/\/chriss-terre-mer.com\/wordpress\/wp-content\/uploads\/2016\/11\/image-62.jpeg\" title=\"\" ><img decoding=\"async\" src=\"https:\/\/chriss-terre-mer.com\/wordpress\/wp-content\/uploads\/2016\/11\/image-62-705x529.jpeg\" alt=\"\"\/><\/a><\/div>\n<\/div>\n<div class=\"element grid  classic3_cols\">\n<div class=\"one_third gallery3 static filterable gallery_type animated22\"><a class=\"fancy-gallery\" href=\"https:\/\/chriss-terre-mer.com\/wordpress\/wp-content\/uploads\/2016\/11\/image-77.jpeg\" title=\"\" ><img decoding=\"async\" src=\"https:\/\/chriss-terre-mer.com\/wordpress\/wp-content\/uploads\/2016\/11\/image-77-705x529.jpeg\" alt=\"\"\/><\/a><\/div>\n<\/div>\n<div class=\"element grid  classic3_cols\">\n<div class=\"one_third gallery3 static filterable gallery_type animated23\"><a class=\"fancy-gallery\" href=\"https:\/\/chriss-terre-mer.com\/wordpress\/wp-content\/uploads\/2016\/11\/image-76.jpeg\" title=\"\" ><img decoding=\"async\" src=\"https:\/\/chriss-terre-mer.com\/wordpress\/wp-content\/uploads\/2016\/11\/image-76-705x529.jpeg\" alt=\"\"\/><\/a><\/div>\n<\/div>\n<div class=\"element grid  classic3_cols\">\n<div class=\"one_third gallery3 static filterable gallery_type animated24\"><a class=\"fancy-gallery\" href=\"https:\/\/chriss-terre-mer.com\/wordpress\/wp-content\/uploads\/2016\/11\/image-72.jpeg\" title=\"\" ><img decoding=\"async\" src=\"https:\/\/chriss-terre-mer.com\/wordpress\/wp-content\/uploads\/2016\/11\/image-72-705x529.jpeg\" alt=\"\"\/><\/a><\/div>\n<\/div>\n<div class=\"element grid  classic3_cols\">\n<div class=\"one_third gallery3 static filterable gallery_type animated25\"><a class=\"fancy-gallery\" href=\"https:\/\/chriss-terre-mer.com\/wordpress\/wp-content\/uploads\/2016\/11\/image-68.jpeg\" title=\"\" ><img decoding=\"async\" src=\"https:\/\/chriss-terre-mer.com\/wordpress\/wp-content\/uploads\/2016\/11\/image-68-705x529.jpeg\" alt=\"\"\/><\/a><\/div>\n<\/div>\n<div class=\"element grid  classic3_cols\">\n<div class=\"one_third gallery3 static filterable gallery_type animated26\"><a class=\"fancy-gallery\" href=\"https:\/\/chriss-terre-mer.com\/wordpress\/wp-content\/uploads\/2016\/11\/image-64.jpeg\" title=\"\" ><img decoding=\"async\" src=\"https:\/\/chriss-terre-mer.com\/wordpress\/wp-content\/uploads\/2016\/11\/image-64-705x529.jpeg\" alt=\"\"\/><\/a><\/div>\n<\/div>\n<div class=\"element grid  classic3_cols\">\n<div class=\"one_third gallery3 static filterable gallery_type animated27\"><a class=\"fancy-gallery\" href=\"https:\/\/chriss-terre-mer.com\/wordpress\/wp-content\/uploads\/2016\/11\/image-63.jpeg\" title=\"\" ><img decoding=\"async\" src=\"https:\/\/chriss-terre-mer.com\/wordpress\/wp-content\/uploads\/2016\/11\/image-63-705x529.jpeg\" alt=\"\"\/><\/a><\/div>\n<\/div>\n<\/div>\n<\/div>\n<\/div>\n<div  class=\"one withsmallpadding ppb_header \" style=\"text-align:left;padding:30px 0 30px 0;\" >\n<div class=\"standard_wrapper\">\n<div class=\"page_content_wrapper\">\n<div class=\"inner\">\n<div style=\"margin:auto;width:100%\">\n<h2 class=\"ppb_title\" style=\"\">Title<\/h2>\n<div class=\"page_header_sep left\"><\/div>\n<p><strong>Les Chutes cot\u00e9 Br\u00e9silien<\/strong><\/p>\n<p><a href=\"https:\/\/vimeo.com\/manage\/videos\/199318293\">https:\/\/vimeo.com\/manage\/videos\/199318293<\/a><\/p>\n<p><strong>Les Chutes c\u00f4t\u00e9 Argentin : Salto Union<\/strong><\/p>\n<p><a href=\"https:\/\/vimeo.com\/manage\/videos\/199320293\">https:\/\/vimeo.com\/manage\/videos\/199320293<\/a><\/p>\n<\/div>\n<\/div>\n<\/div>\n<\/div>\n<\/div>\n<div  class=\"one withsmallpadding ppb_text\" style=\"padding:30px;\" >\n<p style=\"text-align: center;\"><iframe loading=\"lazy\" style=\"border: 0;\" src=\"https:\/\/www.google.com\/maps\/embed?pb=!1m18!1m12!1m3!1d13972.7553390337!2d-54.44120805152942!3d-25.686305379738382!2m3!1f0!2f0!3f0!3m2!1i1024!2i768!4f13.1!3m3!1m2!1s0x94f6ea7339e748e7%3A0x1c851fea816c962f!2sIguazu%20Falls!5e0!3m2!1sfr!2sfr!4v1664893766517!5m2!1sfr!2sfr\" width=\"600\" height=\"450\" allowfullscreen=\"allowfullscreen\"><\/iframe><\/p>\n<\/div>\n","protected":false},"excerpt":{"rendered":"<p>Les Chutes Les chutes c\u00f4t\u00e9 br\u00e9silien et c\u00f4t\u00e9 argentin Animaux et oiseaux Animaux et oiseaux Title Les Chutes cot\u00e9 Br\u00e9silien https:\/\/vimeo.com\/manage\/videos\/199318293 Les Chutes c\u00f4t\u00e9 Argentin : Salto Union https:\/\/vimeo.com\/manage\/videos\/199320293<\/p>\n","protected":false},"author":1,"featured_media":0,"parent":0,"menu_order":0,"comment_status":"closed","ping_status":"closed","template":"","meta":{"footnotes":""},"class_list":["post-4850","page","type-page","status-publish","hentry"],"_links":{"self":[{"href":"https:\/\/chriss-terre-mer.com\/wordpress\/wp-json\/wp\/v2\/pages\/4850","targetHints":{"allow":["GET"]}}],"collection":[{"href":"https:\/\/chriss-terre-mer.com\/wordpress\/wp-json\/wp\/v2\/pages"}],"about":[{"href":"https:\/\/chriss-terre-mer.com\/wordpress\/wp-json\/wp\/v2\/types\/page"}],"author":[{"embeddable":true,"href":"https:\/\/chriss-terre-mer.com\/wordpress\/wp-json\/wp\/v2\/users\/1"}],"replies":[{"embeddable":true,"href":"https:\/\/chriss-terre-mer.com\/wordpress\/wp-json\/wp\/v2\/comments?post=4850"}],"version-history":[{"count":56,"href":"https:\/\/chriss-terre-mer.com\/wordpress\/wp-json\/wp\/v2\/pages\/4850\/revisions"}],"predecessor-version":[{"id":9172,"href":"https:\/\/chriss-terre-mer.com\/wordpress\/wp-json\/wp\/v2\/pages\/4850\/revisions\/9172"}],"wp:attachment":[{"href":"https:\/\/chriss-terre-mer.com\/wordpress\/wp-json\/wp\/v2\/media?parent=4850"}],"curies":[{"name":"wp","href":"https:\/\/api.w.org\/{rel}","templated":true}]}}